{"id":213,"date":"2020-08-07T14:24:26","date_gmt":"2020-08-07T14:24:26","guid":{"rendered":"https:\/\/keramikogglasvaerkstedet.dk\/sandbox\/?page_id=6"},"modified":"2026-02-22T09:09:44","modified_gmt":"2026-02-22T09:09:44","slug":"the-new-umoma-opens-its-doors-2","status":"publish","type":"page","link":"https:\/\/keramikogglasvaerkstedet.dk\/","title":{"rendered":"VI ER ET BUTIKSF\u00c6LLESSKAB"},"content":{"rendered":"\n<p class=\"has-medium-font-size\" style=\"line-height:1.5\"><\/p>\n\n\n\n<div class=\"wp-block-group alignwide\"><div class=\"wp-block-group__inner-container\">\n<p>Keramik og Glasv\u00e6rkstedet drives af kunsth\u00e5ndv\u00e6rkerne <em>Annemette Kissow,  Sia Mai<\/em> <em>og Helene Stockmarr<\/em>. <\/p>\n\n\n\n<p>Butikken ligger gemt i den gamle bydel Frederiksstaden, der ligger mellem Kongens Have og Nyboder i indre K\u00f8benhavn. Her s\u00e6lger de fem indehavere et meget varieret produktsortiment af forskellig slags keramik, porcel\u00e6n og glas. <\/p>\n\n\n\n<p>K&amp;G startede oprindeligt som et v\u00e6rksted for seks nyuddannede kunsth\u00e5ndv\u00e6rkere, der netop var dimitteret fra Designskolen, i 1995. Senere er v\u00e6rkstedet blevet til en lille butik, som gennem tiden har huset flere dygtige kunsth\u00e5ndv\u00e6rkere.  I dag har Annemmette Kissow og Sia Mai v\u00e6rksted i de tilst\u00f8dende lokaler, mens Helene producerer hendes produkter andetsteds. <\/p>\n\n\n\n<p>De tre kunsth\u00e5ndv\u00e6rkere st\u00e5r selv i butikken, hvilket sikrer, at kunden altid f\u00e5r kvalificeret hj\u00e6lp og indg\u00e5ende information om produkterne. <\/p>\n\n\n\n<p>Alt er designet med afs\u00e6t i den skandinaviske tradition, hvor der arbejdes med et enkelt og formst\u00e6rkt udtryk.<\/p>\n\n\n\n<p><em>(English below)<\/em><\/p>\n\n\n\n<figure class=\"wp-block-image size-large\"><img loading=\"lazy\" width=\"1024\" height=\"614\" src=\"https:\/\/keramikogglasvaerkstedet.dk\/wp-content\/uploads\/2025\/08\/cropped-Header2-scaled-1-1024x614.jpg\" alt=\"\" class=\"wp-image-650\" srcset=\"https:\/\/keramikogglasvaerkstedet.dk\/wp-content\/uploads\/2025\/08\/cropped-Header2-scaled-1-1024x614.jpg 1024w, https:\/\/keramikogglasvaerkstedet.dk\/wp-content\/uploads\/2025\/08\/cropped-Header2-scaled-1-300x180.jpg 300w, https:\/\/keramikogglasvaerkstedet.dk\/wp-content\/uploads\/2025\/08\/cropped-Header2-scaled-1-768x461.jpg 768w, https:\/\/keramikogglasvaerkstedet.dk\/wp-content\/uploads\/2025\/08\/cropped-Header2-scaled-1-1536x922.jpg 1536w, https:\/\/keramikogglasvaerkstedet.dk\/wp-content\/uploads\/2025\/08\/cropped-Header2-scaled-1.jpg 2000w\" sizes=\"(max-width: 767px) 89vw, (max-width: 1000px) 54vw, (max-width: 1071px) 543px, 580px\" \/><\/figure>\n\n\n\n<p><em>Keramik &amp; Glasv\u00e6rkstedet is run by the designers Annemette Kissow, Sia Mai and Helene Stockmarr. <\/em><\/p>\n\n\n\n<p><em>The shop is located in Frederiksstaden, an old district in the center of Copenhagen between Kongens Have and Nyboder. The shop has a simple and light expression and sells various products made of ceramics, porcelain and glass.<\/em><\/p>\n\n\n\n<p><em>The owners operate the store themselves and makes sure that the customer always receives qualified help and detailed information about the products.<\/em><\/p>\n\n\n\n<p><em>Every product and product series has a simple and strong expression and is designed based on the scandinavian tradition<\/em>. <\/p>\n<\/div><\/div>\n\n\n\n<figure class=\"wp-block-image size-large\"><img loading=\"lazy\" width=\"1024\" height=\"614\" src=\"https:\/\/keramikogglasvaerkstedet.dk\/wp-content\/uploads\/2025\/08\/Header5-1-1024x614.jpg\" alt=\"\" class=\"wp-image-643\" srcset=\"https:\/\/keramikogglasvaerkstedet.dk\/wp-content\/uploads\/2025\/08\/Header5-1-1024x614.jpg 1024w, https:\/\/keramikogglasvaerkstedet.dk\/wp-content\/uploads\/2025\/08\/Header5-1-300x180.jpg 300w, https:\/\/keramikogglasvaerkstedet.dk\/wp-content\/uploads\/2025\/08\/Header5-1-768x461.jpg 768w, https:\/\/keramikogglasvaerkstedet.dk\/wp-content\/uploads\/2025\/08\/Header5-1-1536x922.jpg 1536w, https:\/\/keramikogglasvaerkstedet.dk\/wp-content\/uploads\/2025\/08\/Header5-1-2048x1229.jpg 2048w, https:\/\/keramikogglasvaerkstedet.dk\/wp-content\/uploads\/2025\/08\/Header5-1-2000x1200.jpg 2000w\" sizes=\"(max-width: 767px) 89vw, (max-width: 1000px) 54vw, (max-width: 1071px) 543px, 580px\" \/><\/figure>\n","protected":false},"excerpt":{"rendered":"<p>Keramik og Glasv\u00e6rkstedet drives af kunsth\u00e5ndv\u00e6rkerne Annemette Kissow, Sia Mai og Helene Stockmarr. Butikken ligger gemt i den gamle bydel Frederiksstaden, der ligger mellem Kongens Have og Nyboder i indre K\u00f8benhavn. Her s\u00e6lger de fem indehavere et meget varieret produktsortiment af forskellig slags keramik, porcel\u00e6n og glas. K&amp;G startede oprindeligt som et v\u00e6rksted for seks &hellip; <\/p>\n<p class=\"link-more\"><a href=\"https:\/\/keramikogglasvaerkstedet.dk\/\" class=\"more-link\">Continue reading<span class=\"screen-reader-text\"> &#8220;VI ER ET BUTIKSF\u00c6LLESSKAB&#8221;<\/span><\/a><\/p>\n","protected":false},"author":1,"featured_media":0,"parent":0,"menu_order":0,"comment_status":"closed","ping_status":"closed","template":"templates\/template-full-width.php","meta":[],"_links":{"self":[{"href":"https:\/\/keramikogglasvaerkstedet.dk\/index.php\/wp-json\/wp\/v2\/pages\/213"}],"collection":[{"href":"https:\/\/keramikogglasvaerkstedet.dk\/index.php\/wp-json\/wp\/v2\/pages"}],"about":[{"href":"https:\/\/keramikogglasvaerkstedet.dk\/index.php\/wp-json\/wp\/v2\/types\/page"}],"author":[{"embeddable":true,"href":"https:\/\/keramikogglasvaerkstedet.dk\/index.php\/wp-json\/wp\/v2\/users\/1"}],"replies":[{"embeddable":true,"href":"https:\/\/keramikogglasvaerkstedet.dk\/index.php\/wp-json\/wp\/v2\/comments?post=213"}],"version-history":[{"count":22,"href":"https:\/\/keramikogglasvaerkstedet.dk\/index.php\/wp-json\/wp\/v2\/pages\/213\/revisions"}],"predecessor-version":[{"id":684,"href":"https:\/\/keramikogglasvaerkstedet.dk\/index.php\/wp-json\/wp\/v2\/pages\/213\/revisions\/684"}],"wp:attachment":[{"href":"https:\/\/keramikogglasvaerkstedet.dk\/index.php\/wp-json\/wp\/v2\/media?parent=213"}],"curies":[{"name":"wp","href":"https:\/\/api.w.org\/{rel}","templated":true}]}}