{"id":68,"date":"2020-08-07T16:02:28","date_gmt":"2020-08-07T16:02:28","guid":{"rendered":"https:\/\/keramikogglasvaerkstedet.dk\/sandbox\/?page_id=68"},"modified":"2025-08-19T12:02:36","modified_gmt":"2025-08-19T12:02:36","slug":"metha-stuart-wallace","status":"publish","type":"page","link":"https:\/\/keramikogglasvaerkstedet.dk\/index.php\/designers\/metha-stuart-wallace\/","title":{"rendered":"Metha Stuart Wallace"},"content":{"rendered":"\n<p class=\"has-text-align-left\"><a rel=\"noreferrer noopener\" href=\"https:\/\/www.wallace-ceramic.dk\/\" target=\"_blank\">Metha Stuart Wallace<\/a> er uddannet indenfor design og keramik i England og Danmark. Den drivende kraft har v\u00e6ret at forst\u00e5 materialekvalitet i relation til form og funktion og altid s\u00e6tte materialet i fokus ved f.eks. ikke at lade glasering tage opm\u00e6rksomheden v\u00e6k fra lerets iboende unikke egenskaber. Betragter og beundrer ofte tidligere tiders keramik for dets langtidsholdbare og tidl\u00f8se kvaliteter. B\u00e6redygtigt design opn\u00e5s gennem opm\u00e6rksomhed p\u00e5 kvalitet over kvantitet, og produktionsmetode og materialer v\u00e6lges med det form\u00e5l at have den mindst mulige indvirkning p\u00e5 milj\u00f8 og ressourcer.<\/p>\n\n\n\n<p><em>English below:<\/em><\/p>\n\n\n\n<p class=\"has-text-align-left\"><a href=\"https:\/\/www.wallace-ceramic.dk\/\" target=\"_blank\" rel=\"noreferrer noopener\">Metha Stuart Wallace<\/a> is trained in design and ceramics in England and Denmark. The driving desire has been through making, and understanding qualities of material in relation to form and function. Always aiming for the material to be in focus, for example, glazing should not distract from the unique qualities of the clay itself. Often looking at ceramics from times past for its enduring and timeless qualities. Sustainable design is achieved through an attention to quality above quantity, and the choice of production and materials are intended to have a minimal impact upon environmental resources.<\/p>\n\n\n\n<h2 class=\"has-black-color has-text-color\">Produktgalleri<\/h2>\n\n\n\n<style>#jtg-230 .modula-item .jtg-social a, .lightbox-socials.jtg-social a{ color: #ffffff }#jtg-230 .modula-item .jtg-social svg, .lightbox-socials.jtg-social svg { height: 16px; width: 16px }#jtg-230 .modula-item .jtg-social a:not(:last-child), .lightbox-socials.jtg-social a:not(:last-child) { margin-right: 10px }#jtg-230 .modula-item .figc {color:#ffffff;}#jtg-230 .modula-item .modula-item-content { transform: scale(1) }#jtg-230 { width:100%;}#jtg-230 .modula-items{height:800px;}@media screen and (max-width: 992px) {#jtg-230 .modula-items{height:800px;}}@media screen and (max-width: 768px) {#jtg-230 .modula-items{height:800px;}}#jtg-230 .modula-items .figc p.description { font-size:14px; }#jtg-230 .modula-items .figc p.description { color:#ffffff;}#jtg-230.modula-gallery .modula-item > a, #jtg-230.modula-gallery .modula-item, #jtg-230.modula-gallery .modula-item-content > a:not(.modula-no-follow) { cursor:zoom-in; } #jtg-230.modula-gallery .modula-item-content .modula-no-follow { cursor: default; } @media screen and (max-width:480px){#jtg-230 .modula-item .figc .jtg-title {  font-size: 12px; }#jtg-230 .modula-items .figc p.description { color:#ffffff;font-size:10px; }}<\/style>\n<!-- Gallery Container -->\n<div  id=\"jtg-230\" class=\"modula modula-gallery modula-creative-gallery\" data-config=\"{&quot;height&quot;:800,&quot;tabletHeight&quot;:800,&quot;mobileHeight&quot;:800,&quot;desktopHeight&quot;:800,&quot;enableTwitter&quot;:false,&quot;enableWhatsapp&quot;:false,&quot;enableFacebook&quot;:false,&quot;enablePinterest&quot;:false,&quot;enableLinkedin&quot;:false,&quot;enableEmail&quot;:false,&quot;randomFactor&quot;:0.5,&quot;type&quot;:&quot;creative-gallery&quot;,&quot;columns&quot;:12,&quot;gutter&quot;:10,&quot;mobileGutter&quot;:10,&quot;tabletGutter&quot;:10,&quot;desktopGutter&quot;:10,&quot;enableResponsive&quot;:&quot;0&quot;,&quot;tabletColumns&quot;:&quot;2&quot;,&quot;mobileColumns&quot;:&quot;1&quot;,&quot;lazyLoad&quot;:&quot;0&quot;,&quot;lightboxOpts&quot;:{&quot;loop&quot;:false,&quot;arrows&quot;:true,&quot;toolbar&quot;:true,&quot;keyboard&quot;:false,&quot;wheel&quot;:false,&quot;buttons&quot;:[&quot;close&quot;],&quot;hash&quot;:false,&quot;lang&quot;:&quot;en&quot;,&quot;touch&quot;:false,&quot;protect&quot;:false,&quot;i18n&quot;:{&quot;en&quot;:{&quot;CLOSE&quot;:&quot;Close&quot;,&quot;NEXT&quot;:&quot;Next&quot;,&quot;PREV&quot;:&quot;Previous&quot;,&quot;Error&quot;:&quot;The requested content cannot be loaded. Please try again later.&quot;,&quot;PLAY_START&quot;:&quot;Start slideshow&quot;,&quot;PLAY_STOP&quot;:&quot;Pause slideshow&quot;,&quot;FULL_SCREEN&quot;:&quot;Full screen&quot;,&quot;THUMBS&quot;:&quot;Thumbnails&quot;,&quot;DOWNLOAD&quot;:&quot;Download&quot;,&quot;SHARE&quot;:&quot;Share&quot;,&quot;ZOOM&quot;:&quot;Zoom&quot;}},&quot;clickSlide&quot;:false,&quot;clickOutside&quot;:false,&quot;dblclickContent&quot;:false,&quot;dblclickSlide&quot;:false,&quot;dblclickOutside&quot;:false,&quot;clickContent&quot;:false,&quot;baseTpl&quot;:&quot;&lt;div class=\\&quot;modula-fancybox-container modula-lightbox-jtg-230\\&quot; role=\\&quot;dialog\\&quot; tabindex=\\&quot;-1\\&quot;&gt;&lt;div class=\\&quot;modula-fancybox-bg\\&quot;&gt;&lt;\\\/div&gt;&lt;div class=\\&quot;modula-fancybox-inner\\&quot;&gt;&lt;div class=\\&quot;modula-fancybox-infobar\\&quot;&gt;&lt;span data-fancybox-index&gt;&lt;\\\/span&gt;&nbsp;\\\/&nbsp;&lt;span data-fancybox-count&gt;&lt;\\\/span&gt;&lt;\\\/div&gt;&lt;div class=\\&quot;modula-fancybox-toolbar\\&quot;&gt;{{buttons}}&lt;\\\/div&gt;&lt;div class=\\&quot;modula-fancybox-navigation\\&quot;&gt;{{arrows}}&lt;\\\/div&gt;&lt;div class=\\&quot;modula-fancybox-stage\\&quot;&gt;&lt;\\\/div&gt;&lt;div class=\\&quot;modula-fancybox-caption\\&quot;&gt;&lt;div class=\\&quot;modula-fancybox-caption__body\\&quot;&gt;&lt;\\\/div&gt;&lt;\\\/div&gt;&lt;\\\/div&gt;&lt;\\\/div&gt;&quot;},&quot;inView&quot;:false,&quot;email_subject&quot;:&quot;Check out this awesome image !!&quot;,&quot;email_message&quot;:&quot;Here is the link to the image : %%image_link%% and this is the link to the gallery : %%gallery_link%%&quot;,&quot;lightbox&quot;:&quot;fancybox&quot;}\">\n\n\t\n\t<!-- Items Container -->\n\t<div  class=\"modula-items\">\n\t\t<div class=\"modula-item effect-pufrobo\" >\n\t<div class=\"modula-item-overlay\"><\/div>\n\n\t<div class=\"modula-item-content\">\n\n\t\t\t\t\n\t\t\t\t\t<a data-image-id=\"97\" rel=\"jtg-230\" data-caption=\"\" aria-label=\"Open image in lightbox\" class=\"tile-inner modula-item-link\"><\/a>\n\t\t\n\t\t<img class=\"pic wp-image-97\"  data-valign=\"middle\" data-halign=\"center\" alt=\"\" data-full=\"https:\/\/keramikogglasvaerkstedet.dk\/wp-content\/uploads\/2020\/08\/Metha-7.jpg\" title=\"Metha-7\" width=\"300\" height=\"200\" src=\"https:\/\/keramikogglasvaerkstedet.dk\/wp-content\/uploads\/2020\/08\/Metha-7-300x200.jpg\" data-src=\"https:\/\/keramikogglasvaerkstedet.dk\/wp-content\/uploads\/2020\/08\/Metha-7-300x200.jpg\" data-caption=\"\"srcset=\"https:\/\/keramikogglasvaerkstedet.dk\/wp-content\/uploads\/2020\/08\/Metha-7-300x200.jpg 300w, https:\/\/keramikogglasvaerkstedet.dk\/wp-content\/uploads\/2020\/08\/Metha-7.jpg 595w\" sizes=\"(max-width: 300px) 100vw, 300px\"\" \/>\n\t\t<div class=\"figc no-description\">\n\t\t\t<div class=\"figc-inner\">\n\t\t\t\t\t\t\t\t\t\t\t\t\t\t\t<\/div>\n\t\t<\/div>\n\n\t<\/div>\n\n<\/div><div class=\"modula-item effect-pufrobo\" >\n\t<div class=\"modula-item-overlay\"><\/div>\n\n\t<div class=\"modula-item-content\">\n\n\t\t\t\t\n\t\t\t\t\t<a data-image-id=\"96\" rel=\"jtg-230\" data-caption=\"\" aria-label=\"Open image in lightbox\" class=\"tile-inner modula-item-link\"><\/a>\n\t\t\n\t\t<img class=\"pic wp-image-96\"  data-valign=\"middle\" data-halign=\"center\" alt=\"\" data-full=\"https:\/\/keramikogglasvaerkstedet.dk\/wp-content\/uploads\/2020\/08\/Metha-6.jpg\" title=\"Metha-6\" width=\"300\" height=\"182\" src=\"https:\/\/keramikogglasvaerkstedet.dk\/wp-content\/uploads\/2020\/08\/Metha-6-300x182.jpg\" data-src=\"https:\/\/keramikogglasvaerkstedet.dk\/wp-content\/uploads\/2020\/08\/Metha-6-300x182.jpg\" data-caption=\"\"srcset=\"https:\/\/keramikogglasvaerkstedet.dk\/wp-content\/uploads\/2020\/08\/Metha-6-300x182.jpg 300w, https:\/\/keramikogglasvaerkstedet.dk\/wp-content\/uploads\/2020\/08\/Metha-6.jpg 594w\" sizes=\"(max-width: 300px) 100vw, 300px\"\" \/>\n\t\t<div class=\"figc no-description\">\n\t\t\t<div class=\"figc-inner\">\n\t\t\t\t\t\t\t\t\t\t\t\t\t\t\t<\/div>\n\t\t<\/div>\n\n\t<\/div>\n\n<\/div><div class=\"modula-item effect-pufrobo\" >\n\t<div class=\"modula-item-overlay\"><\/div>\n\n\t<div class=\"modula-item-content\">\n\n\t\t\t\t\n\t\t\t\t\t<a data-image-id=\"94\" rel=\"jtg-230\" data-caption=\"\" aria-label=\"Open image in lightbox\" class=\"tile-inner modula-item-link\"><\/a>\n\t\t\n\t\t<img class=\"pic wp-image-94\"  data-valign=\"middle\" data-halign=\"center\" alt=\"\" data-full=\"https:\/\/keramikogglasvaerkstedet.dk\/wp-content\/uploads\/2020\/08\/Metha-4_454.jpg\" title=\"Metha-4_454\" width=\"268\" height=\"300\" src=\"https:\/\/keramikogglasvaerkstedet.dk\/wp-content\/uploads\/2020\/08\/Metha-4_454-268x300.jpg\" data-src=\"https:\/\/keramikogglasvaerkstedet.dk\/wp-content\/uploads\/2020\/08\/Metha-4_454-268x300.jpg\" data-caption=\"\"srcset=\"https:\/\/keramikogglasvaerkstedet.dk\/wp-content\/uploads\/2020\/08\/Metha-4_454-268x300.jpg 268w, https:\/\/keramikogglasvaerkstedet.dk\/wp-content\/uploads\/2020\/08\/Metha-4_454.jpg 405w\" sizes=\"(max-width: 268px) 100vw, 268px\"\" \/>\n\t\t<div class=\"figc no-description\">\n\t\t\t<div class=\"figc-inner\">\n\t\t\t\t\t\t\t\t\t\t\t\t\t\t\t<\/div>\n\t\t<\/div>\n\n\t<\/div>\n\n<\/div><div class=\"modula-item effect-pufrobo\" >\n\t<div class=\"modula-item-overlay\"><\/div>\n\n\t<div class=\"modula-item-content\">\n\n\t\t\t\t\n\t\t\t\t\t<a data-image-id=\"95\" rel=\"jtg-230\" data-caption=\"\" aria-label=\"Open image in lightbox\" class=\"tile-inner modula-item-link\"><\/a>\n\t\t\n\t\t<img class=\"pic wp-image-95\"  data-valign=\"middle\" data-halign=\"center\" alt=\"\" data-full=\"https:\/\/keramikogglasvaerkstedet.dk\/wp-content\/uploads\/2020\/08\/Metha-5.jpg\" title=\"Metha-5\" width=\"300\" height=\"200\" src=\"https:\/\/keramikogglasvaerkstedet.dk\/wp-content\/uploads\/2020\/08\/Metha-5-300x200.jpg\" data-src=\"https:\/\/keramikogglasvaerkstedet.dk\/wp-content\/uploads\/2020\/08\/Metha-5-300x200.jpg\" data-caption=\"\"srcset=\"https:\/\/keramikogglasvaerkstedet.dk\/wp-content\/uploads\/2020\/08\/Metha-5-300x200.jpg 300w, https:\/\/keramikogglasvaerkstedet.dk\/wp-content\/uploads\/2020\/08\/Metha-5.jpg 593w\" sizes=\"(max-width: 300px) 100vw, 300px\"\" \/>\n\t\t<div class=\"figc no-description\">\n\t\t\t<div class=\"figc-inner\">\n\t\t\t\t\t\t\t\t\t\t\t\t\t\t\t<\/div>\n\t\t<\/div>\n\n\t<\/div>\n\n<\/div><div class=\"modula-item effect-pufrobo\" >\n\t<div class=\"modula-item-overlay\"><\/div>\n\n\t<div class=\"modula-item-content\">\n\n\t\t\t\t\n\t\t\t\t\t<a data-image-id=\"91\" rel=\"jtg-230\" data-caption=\"\" aria-label=\"Open image in lightbox\" class=\"tile-inner modula-item-link\"><\/a>\n\t\t\n\t\t<img class=\"pic wp-image-91\"  data-valign=\"middle\" data-halign=\"center\" alt=\"\" data-full=\"https:\/\/keramikogglasvaerkstedet.dk\/wp-content\/uploads\/2020\/08\/Metha-1.jpg\" title=\"Metha-1\" width=\"300\" height=\"200\" src=\"https:\/\/keramikogglasvaerkstedet.dk\/wp-content\/uploads\/2020\/08\/Metha-1-300x200.jpg\" data-src=\"https:\/\/keramikogglasvaerkstedet.dk\/wp-content\/uploads\/2020\/08\/Metha-1-300x200.jpg\" data-caption=\"\"srcset=\"https:\/\/keramikogglasvaerkstedet.dk\/wp-content\/uploads\/2020\/08\/Metha-1-300x200.jpg 300w, https:\/\/keramikogglasvaerkstedet.dk\/wp-content\/uploads\/2020\/08\/Metha-1.jpg 594w\" sizes=\"(max-width: 300px) 100vw, 300px\"\" \/>\n\t\t<div class=\"figc no-description\">\n\t\t\t<div class=\"figc-inner\">\n\t\t\t\t\t\t\t\t\t\t\t\t\t\t\t<\/div>\n\t\t<\/div>\n\n\t<\/div>\n\n<\/div><div class=\"modula-item effect-pufrobo\" >\n\t<div class=\"modula-item-overlay\"><\/div>\n\n\t<div class=\"modula-item-content\">\n\n\t\t\t\t\n\t\t\t\t\t<a data-image-id=\"92\" rel=\"jtg-230\" data-caption=\"\" aria-label=\"Open image in lightbox\" class=\"tile-inner modula-item-link\"><\/a>\n\t\t\n\t\t<img class=\"pic wp-image-92\"  data-valign=\"middle\" data-halign=\"center\" alt=\"\" data-full=\"https:\/\/keramikogglasvaerkstedet.dk\/wp-content\/uploads\/2020\/08\/Metha-2.jpg\" title=\"Metha-2\" width=\"300\" height=\"210\" src=\"https:\/\/keramikogglasvaerkstedet.dk\/wp-content\/uploads\/2020\/08\/Metha-2-300x210.jpg\" data-src=\"https:\/\/keramikogglasvaerkstedet.dk\/wp-content\/uploads\/2020\/08\/Metha-2-300x210.jpg\" data-caption=\"\"srcset=\"https:\/\/keramikogglasvaerkstedet.dk\/wp-content\/uploads\/2020\/08\/Metha-2-300x210.jpg 300w, https:\/\/keramikogglasvaerkstedet.dk\/wp-content\/uploads\/2020\/08\/Metha-2.jpg 593w\" sizes=\"(max-width: 300px) 100vw, 300px\"\" \/>\n\t\t<div class=\"figc no-description\">\n\t\t\t<div class=\"figc-inner\">\n\t\t\t\t\t\t\t\t\t\t\t\t\t\t\t<\/div>\n\t\t<\/div>\n\n\t<\/div>\n\n<\/div><div class=\"modula-item effect-pufrobo\" >\n\t<div class=\"modula-item-overlay\"><\/div>\n\n\t<div class=\"modula-item-content\">\n\n\t\t\t\t\n\t\t\t\t\t<a data-image-id=\"93\" rel=\"jtg-230\" data-caption=\"\" aria-label=\"Open image in lightbox\" class=\"tile-inner modula-item-link\"><\/a>\n\t\t\n\t\t<img class=\"pic wp-image-93\"  data-valign=\"middle\" data-halign=\"center\" alt=\"\" data-full=\"https:\/\/keramikogglasvaerkstedet.dk\/wp-content\/uploads\/2020\/08\/Metha-3.jpg\" title=\"Metha-3\" width=\"300\" height=\"179\" src=\"https:\/\/keramikogglasvaerkstedet.dk\/wp-content\/uploads\/2020\/08\/Metha-3-300x179.jpg\" data-src=\"https:\/\/keramikogglasvaerkstedet.dk\/wp-content\/uploads\/2020\/08\/Metha-3-300x179.jpg\" data-caption=\"\"srcset=\"https:\/\/keramikogglasvaerkstedet.dk\/wp-content\/uploads\/2020\/08\/Metha-3-300x179.jpg 300w, https:\/\/keramikogglasvaerkstedet.dk\/wp-content\/uploads\/2020\/08\/Metha-3.jpg 519w\" sizes=\"(max-width: 300px) 100vw, 300px\"\" \/>\n\t\t<div class=\"figc no-description\">\n\t\t\t<div class=\"figc-inner\">\n\t\t\t\t\t\t\t\t\t\t\t\t\t\t\t<\/div>\n\t\t<\/div>\n\n\t<\/div>\n\n<\/div>\t\t\n\t<\/div>\n\n\t\n\t\n\t<script type=\"application\/ld+json\">\n\t{\n\t\t\"@context\": \"http:\/\/schema.org\",\n\t\t\"@type\"   : \"ImageGallery\",\n\t\t\"id\"      : \"https:\/\/keramikogglasvaerkstedet.dk\/wp-json\/wp\/v2\/pages\/68\",\n\t\t\"url\"     : \"https:\/\/keramikogglasvaerkstedet.dk\/wp-json\/wp\/v2\/pages\/68\"\n\t}\n\n    <\/script>\n\n\t\n<\/div>\n","protected":false},"excerpt":{"rendered":"<p>Metha Stuart Wallace er uddannet indenfor design og keramik i England og Danmark. Den drivende kraft har v\u00e6ret at forst\u00e5 materialekvalitet i relation til form og funktion og altid s\u00e6tte materialet i fokus ved f.eks. ikke at lade glasering tage opm\u00e6rksomheden v\u00e6k fra lerets iboende unikke egenskaber. Betragter og beundrer ofte tidligere tiders keramik for &hellip; <\/p>\n<p class=\"link-more\"><a href=\"https:\/\/keramikogglasvaerkstedet.dk\/index.php\/designers\/metha-stuart-wallace\/\" class=\"more-link\">Continue reading<span class=\"screen-reader-text\"> &#8220;Metha Stuart Wallace&#8221;<\/span><\/a><\/p>\n","protected":false},"author":1,"featured_media":69,"parent":46,"menu_order":3,"comment_status":"closed","ping_status":"closed","template":"","meta":[],"_links":{"self":[{"href":"https:\/\/keramikogglasvaerkstedet.dk\/index.php\/wp-json\/wp\/v2\/pages\/68"}],"collection":[{"href":"https:\/\/keramikogglasvaerkstedet.dk\/index.php\/wp-json\/wp\/v2\/pages"}],"about":[{"href":"https:\/\/keramikogglasvaerkstedet.dk\/index.php\/wp-json\/wp\/v2\/types\/page"}],"author":[{"embeddable":true,"href":"https:\/\/keramikogglasvaerkstedet.dk\/index.php\/wp-json\/wp\/v2\/users\/1"}],"replies":[{"embeddable":true,"href":"https:\/\/keramikogglasvaerkstedet.dk\/index.php\/wp-json\/wp\/v2\/comments?post=68"}],"version-history":[{"count":5,"href":"https:\/\/keramikogglasvaerkstedet.dk\/index.php\/wp-json\/wp\/v2\/pages\/68\/revisions"}],"predecessor-version":[{"id":617,"href":"https:\/\/keramikogglasvaerkstedet.dk\/index.php\/wp-json\/wp\/v2\/pages\/68\/revisions\/617"}],"up":[{"embeddable":true,"href":"https:\/\/keramikogglasvaerkstedet.dk\/index.php\/wp-json\/wp\/v2\/pages\/46"}],"wp:featuredmedia":[{"embeddable":true,"href":"https:\/\/keramikogglasvaerkstedet.dk\/index.php\/wp-json\/wp\/v2\/media\/69"}],"wp:attachment":[{"href":"https:\/\/keramikogglasvaerkstedet.dk\/index.php\/wp-json\/wp\/v2\/media?parent=68"}],"curies":[{"name":"wp","href":"https:\/\/api.w.org\/{rel}","templated":true}]}}