{"id":8,"date":"2020-08-07T14:24:26","date_gmt":"2020-08-07T14:24:26","guid":{"rendered":"https:\/\/keramikogglasvaerkstedet.dk\/sandbox\/?page_id=8"},"modified":"2023-04-09T17:01:10","modified_gmt":"2023-04-09T17:01:10","slug":"contact","status":"publish","type":"page","link":"https:\/\/keramikogglasvaerkstedet.dk\/index.php\/contact\/","title":{"rendered":"Kontakt"},"content":{"rendered":"\n<div class=\"wp-block-group\"><div class=\"wp-block-group__inner-container\">\n<p>Keramik &amp; Glasv\u00e6rkstedet<br>Kronprinsessegade 43<br>1306 K\u00f8benhavn K<\/p>\n\n\n\n<p>Telefon:  9320 8991<br>Email: <a href=\"mailto:info@keramikogglasvaerkstedet.dk\">info@keramikogglasvaerkstedet.dk<\/a><\/p>\n\n\n\n<div class=\"wp-block-columns\">\n<div class=\"wp-block-column\">\n<p><span class=\"has-inline-color has-cyan-bluish-gray-color\">\u00c5bningstider:<br>Onsdag &#8211; fredag 12 -18<br>L\u00f8rdag 11 &#8211; 14<\/span><\/p>\n<\/div>\n\n\n\n<div class=\"wp-block-column\">\n<p class=\"has-medium-font-size\"><\/p>\n<\/div>\n<\/div>\n\n\n\n<iframe loading=\"lazy\" src=\"https:\/\/www.google.com\/maps\/embed?pb=!1m18!1m12!1m3!1d2249.0767157437112!2d12.58253551592801!3d55.68765398053593!2m3!1f0!2f0!3f0!3m2!1i1024!2i768!4f13.1!3m3!1m2!1s0x4652531ebdf17507%3A0x132395aff4def5d6!2sKeramik%20%26%20Glasv%C3%A6rkstedet!5e0!3m2!1sda!2sdk!4v1597044878287!5m2!1sda!2sdk\" width=\"400\" height=\"200\" frameborder=\"0\" style=\"border:0;\" allowfullscreen=\"\" aria-hidden=\"false\" tabindex=\"0\"><\/iframe>\n<\/div><\/div>\n\n\n\n<p><\/p>\n\n\n\n<!-- Begin Mailchimp Signup Form -->\n<link href=\"\/\/cdn-images.mailchimp.com\/embedcode\/classic-10_7.css\" rel=\"stylesheet\" type=\"text\/css\">\n<style type=\"text\/css\">\n\t#mc_embed_signup{background:#fff; clear:left; font:14px Helvetica,Arial,sans-serif; }\n\t\/* Add your own Mailchimp form style overrides in your site stylesheet or in this style block.\n\t   We recommend moving this block and the preceding CSS link to the HEAD of your HTML file. *\/\n<\/style>\n<div id=\"mc_embed_signup\">\n<form action=\"https:\/\/keramikogglasvaerkstedet.us9.list-manage.com\/subscribe\/post?u=1ee7c7ba9e6100179e54a84f4&amp;id=cd06d53611\" method=\"post\" id=\"mc-embedded-subscribe-form\" name=\"mc-embedded-subscribe-form\" class=\"validate\" target=\"_blank\" novalidate=\"\">\n    <div id=\"mc_embed_signup_scroll\">\n\t<h2>Tilmeld dig vores nyhedsbrev<\/h2>\n<div class=\"indicates-required\"><span class=\"asterisk\">*<\/span> angiver et p\u00e5kr\u00e6vet felt<\/div>\n<div class=\"mc-field-group\">\n\t<label for=\"mce-EMAIL\">Emailadresse  <span class=\"asterisk\">*<\/span>\n<\/label>\n\t<input type=\"email\" value=\"\" name=\"EMAIL\" class=\"required email\" id=\"mce-EMAIL\">\n<\/div>\n\t<div id=\"mce-responses\" class=\"clear\">\n\t\t<div class=\"response\" id=\"mce-error-response\" style=\"display:none\"><\/div>\n\t\t<div class=\"response\" id=\"mce-success-response\" style=\"display:none\"><\/div>\n\t<\/div>    <!-- real people should not fill this in and expect good things - do not remove this or risk form bot signups-->\n    <div style=\"position: absolute; left: -5000px;\" aria-hidden=\"true\"><input type=\"text\" name=\"b_1ee7c7ba9e6100179e54a84f4_cd06d53611\" tabindex=\"-1\" value=\"\"><\/div>\n    <div class=\"clear\"><input type=\"submit\" value=\"Tilmeld\" name=\"subscribe\" id=\"mc-embedded-subscribe\" class=\"button\"><\/div>\n    <\/div>\n<\/form>\n<\/div>\n<script type=\"text\/javascript\" src=\"\/\/s3.amazonaws.com\/downloads.mailchimp.com\/js\/mc-validate.js\"><\/script><script type=\"text\/javascript\">(function($) {window.fnames = new Array(); window.ftypes = new Array();fnames[0]='EMAIL';ftypes[0]='email'; \/*\n * Translated default messages for the $ validation plugin.\n * Locale: DA\n *\/\n$.extend($.validator.messages, {\n\trequired: \"Dette felt er p\u00e5kr\u00e6vet.\",\n\tmaxlength: $.validator.format(\"Indtast h\u00f8jst {0} tegn.\"),\n\tminlength: $.validator.format(\"Indtast mindst {0} tegn.\"),\n\trangelength: $.validator.format(\"Indtast mindst {0} og h\u00f8jst {1} tegn.\"),\n\temail: \"Indtast en gyldig email-adresse.\",\n\turl: \"Indtast en gyldig URL.\",\n\tdate: \"Indtast en gyldig dato.\",\n\tnumber: \"Indtast et tal.\",\n\tdigits: \"Indtast kun cifre.\",\n\tequalTo: \"Indtast den samme v\u00e6rdi igen.\",\n\trange: $.validator.format(\"Angiv en v\u00e6rdi mellem {0} og {1}.\"),\n\tmax: $.validator.format(\"Angiv en v\u00e6rdi der h\u00f8jst er {0}.\"),\n\tmin: $.validator.format(\"Angiv en v\u00e6rdi der mindst er {0}.\"),\n\tcreditcard: \"Indtast et gyldigt kreditkortnummer.\"\n});}(jQuery));var $mcj = jQuery.noConflict(true);<\/script>\n<!--End mc_embed_signup-->\n","protected":false},"excerpt":{"rendered":"<p>Keramik &amp; Glasv\u00e6rkstedetKronprinsessegade 431306 K\u00f8benhavn K Telefon: 9320 8991Email: info@keramikogglasvaerkstedet.dk \u00c5bningstider:Onsdag &#8211; fredag 12 -18L\u00f8rdag 11 &#8211; 14 Tilmeld dig vores nyhedsbrev * angiver et p\u00e5kr\u00e6vet felt Emailadresse *<\/p>\n","protected":false},"author":1,"featured_media":0,"parent":0,"menu_order":0,"comment_status":"closed","ping_status":"closed","template":"","meta":[],"_links":{"self":[{"href":"https:\/\/keramikogglasvaerkstedet.dk\/index.php\/wp-json\/wp\/v2\/pages\/8"}],"collection":[{"href":"https:\/\/keramikogglasvaerkstedet.dk\/index.php\/wp-json\/wp\/v2\/pages"}],"about":[{"href":"https:\/\/keramikogglasvaerkstedet.dk\/index.php\/wp-json\/wp\/v2\/types\/page"}],"author":[{"embeddable":true,"href":"https:\/\/keramikogglasvaerkstedet.dk\/index.php\/wp-json\/wp\/v2\/users\/1"}],"replies":[{"embeddable":true,"href":"https:\/\/keramikogglasvaerkstedet.dk\/index.php\/wp-json\/wp\/v2\/comments?post=8"}],"version-history":[{"count":13,"href":"https:\/\/keramikogglasvaerkstedet.dk\/index.php\/wp-json\/wp\/v2\/pages\/8\/revisions"}],"predecessor-version":[{"id":420,"href":"https:\/\/keramikogglasvaerkstedet.dk\/index.php\/wp-json\/wp\/v2\/pages\/8\/revisions\/420"}],"wp:attachment":[{"href":"https:\/\/keramikogglasvaerkstedet.dk\/index.php\/wp-json\/wp\/v2\/media?parent=8"}],"curies":[{"name":"wp","href":"https:\/\/api.w.org\/{rel}","templated":true}]}}